{"id":69,"date":"2014-09-19T11:45:27","date_gmt":"2014-09-19T09:45:27","guid":{"rendered":"http:\/\/bnc.werbekontur.de\/?page_id=69"},"modified":"2014-10-01T07:44:05","modified_gmt":"2014-10-01T05:44:05","slug":"haarentfernung","status":"publish","type":"page","link":"https:\/\/bnc.werbekontur.de\/?page_id=69","title":{"rendered":"Haarentfernung"},"content":{"rendered":"<h2>Die zuckers\u00fc\u00dfe Haarentfernung<\/h2>\n<p>Erleben Sie bei uns die Enthaarungsmethode mit Wellness-Faktor. Starten Sie haarfrei in den Sommer mit unserer schonenden und schmerzfreien Haarentfernung mit s\u00fc\u00dfer Zuckerpaste. beim Sugaring wird das Haar nicht, wie bei anderen Enthaarungsmethoden &#8211; gegen, sondern in Wunschrichtung durch eine spezielle Handtechnik entfernt. Weniger schmerzhaft als andere Methoden, schnell, punktgenau und nachhaltig!<\/p>\n<h3>\u00dcbrigens: Durch die nat\u00fcrlichen Inhaltsstoffe unserer Sugering Paste ist diese sehr hautvertr\u00e4glich und deshalb auch f\u00fcr empfindliche K\u00f6rperstellen und Allergiker geeignet.<\/h3>\n<p><strong>Beide Oberschenkel <em>ab 25,- \u20ac<\/em><\/strong><\/p>\n<p><strong>Beide Unterschenkel <em>\u00a0ab 27,- \u20ac<\/em><\/strong><\/p>\n<p><strong>F\u00fc\u00dfe, inkl. Zehen ab \u00a0<em>10,- \u20ac<\/em><\/strong><\/p>\n<p><strong>Beine komplett, inkl. F\u00fc\u00dfe <em>ab 55,- \u20ac<\/em><\/strong><\/p>\n<p><strong>Bikinizone ab <em>18,- \u20ac<\/em><\/strong><\/p>\n<p><strong>Intim, komplett (nur Frauen) ab 45,- \u20ac<\/strong><\/p>\n<p><strong>Po ab 20,- \u20ac<\/strong><\/p>\n<p><strong>R\u00fccke, komplett <em>ab 49,- \u20ac<\/em><\/strong><\/p>\n<p><strong>Schultern <em>ab 18,- \u20ac<\/em><\/strong><\/p>\n<p><strong>Bauch <em>ab 25,- \u20ac<\/em><\/strong><\/p>\n<p><strong>Brust <em>ab 35,- \u20ac<\/em><\/strong><\/p>\n<p><strong>Beide Achseln <em>ab 18,- \u20ac<\/em><\/strong><\/p>\n<p><strong>Beide Unterarme <em>ab 19,- \u20ac<\/em><\/strong><\/p>\n<p><strong>Beide Arme, komplett <em>ab 25,- \u20ac<\/em><\/strong><\/p>\n<p><strong>Gesichtspartie (Nase\/Wangen\/Kinn\/Oberlippe\/Ohren) <em>ab 9,- \u20ac<\/em><\/strong><\/p>\n<p><strong>Ganzes Gesicht <em>ab 21,- \u20ac<\/em><\/strong><\/p>\n<h2>Die sanfte Art der Haarentfernung<\/h2>\n<p>Entdecken Sie exklusiv bei uns LCN Natural Waxing &#8211; die Natur &#8211; Haarentfernung, die aus rein nat\u00fcrlichen Inhaltsstoffen wie Zucker, Wasser und Zitrone besteht. Diese Ingredienzien tragen zu einer besonders sanften und hautschonenden Haarentfernung bei. LCN Natural Waxing verbindet sich ausschlie\u00dflich mit dem Haar und nicht mit der Haut. Deshalb wird bei dieser Methode das Haar und nicht die Haut geliftet. Der sonst typische Pflastereffekt bleibt aus.<\/p>\n<h3>LCN Natural Waxing ist daher auch f\u00fcr empfindliche und zu Problemen neigende Haut bestens geeignet.<\/h3>\n<p><strong>Beide Oberschenkel <em>ab 20,- \u20ac<\/em><\/strong><\/p>\n<p><strong>Beide Unterschenkel, inkl. Knie<em> ab 22,- \u20ac<\/em><\/strong><\/p>\n<p><strong>F\u00fc\u00dfe, inkl. Zehen <em>ab 10,- \u20ac<\/em><\/strong><\/p>\n<p><strong>Beine komplett, inkl. F\u00fc\u00dfe <em>ab 46,- \u20ac<\/em><\/strong><\/p>\n<p><strong>Bikinizone <em>ab 15,- \u20ac<\/em><\/strong><\/p>\n<p><strong>Intim, komplett (nur Frauen) <em>ab 40,- \u20ac<\/em><\/strong><\/p>\n<p><strong>Po <em>ab 15,- \u20ac<\/em><\/strong><\/p>\n<p><strong>R\u00fccke, komplett <em>ab 30,- \u20ac<\/em><\/strong><\/p>\n<p><strong>Schultern <em>ab 15,- \u20ac<\/em><\/strong><\/p>\n<p><strong>Bauch <em>ab 20,- \u20ac<\/em><\/strong><\/p>\n<p><strong>Brust und Bauch <em>ab 40,- \u20ac<\/em><\/strong><\/p>\n<p><strong>Brust <em>ab 25,- \u20ac<\/em><\/strong><\/p>\n<p><strong>Beide Achseln <em>ab 15,- \u20ac<\/em><\/strong><\/p>\n<p><strong>Beide Unterarme <em>ab 15,- \u20ac<\/em><\/strong><\/p>\n<p><strong>Beide Arme, komplett <em>ab 21,- \u20ac<\/em><\/strong><\/p>\n<p><strong>Gesichtspartie (Wangen\/Kinn\/Oberlippe)\u00a0<em>\u00a0 je ab 8,- \u20ac<\/em><\/strong><\/p>\n<p><strong>Haarwuchshemmende Ampulle <em>8,- \u20ac<\/em><\/strong><\/p>\n","protected":false},"excerpt":{"rendered":"<p>Die zuckers\u00fc\u00dfe Haarentfernung Erleben Sie bei uns die Enthaarungsmethode mit Wellness-Faktor. Starten Sie haarfrei in den Sommer mit unserer schonenden und schmerzfreien Haarentfernung mit s\u00fc\u00dfer Zuckerpaste. beim Sugaring wird das Haar nicht, wie bei anderen Enthaarungsmethoden &#8211; gegen, sondern in Wunschrichtung durch eine spezielle Handtechnik entfernt. Weniger schmerzhaft als andere Methoden, schnell, punktgenau und nachhaltig!<\/p>\n<p class=\"readmore\"> <a href=\"https:\/\/bnc.werbekontur.de\/?page_id=69\" title=\"Read Haarentfernung\">Read more&#8230;<\/a> <\/p>\n","protected":false},"author":2,"featured_media":107,"parent":0,"menu_order":0,"comment_status":"closed","ping_status":"open","template":"","meta":{"footnotes":""},"_links":{"self":[{"href":"https:\/\/bnc.werbekontur.de\/index.php?rest_route=\/wp\/v2\/pages\/69"}],"collection":[{"href":"https:\/\/bnc.werbekontur.de\/index.php?rest_route=\/wp\/v2\/pages"}],"about":[{"href":"https:\/\/bnc.werbekontur.de\/index.php?rest_route=\/wp\/v2\/types\/page"}],"author":[{"embeddable":true,"href":"https:\/\/bnc.werbekontur.de\/index.php?rest_route=\/wp\/v2\/users\/2"}],"replies":[{"embeddable":true,"href":"https:\/\/bnc.werbekontur.de\/index.php?rest_route=%2Fwp%2Fv2%2Fcomments&post=69"}],"version-history":[{"count":24,"href":"https:\/\/bnc.werbekontur.de\/index.php?rest_route=\/wp\/v2\/pages\/69\/revisions"}],"predecessor-version":[{"id":214,"href":"https:\/\/bnc.werbekontur.de\/index.php?rest_route=\/wp\/v2\/pages\/69\/revisions\/214"}],"wp:featuredmedia":[{"embeddable":true,"href":"https:\/\/bnc.werbekontur.de\/index.php?rest_route=\/wp\/v2\/media\/107"}],"wp:attachment":[{"href":"https:\/\/bnc.werbekontur.de\/index.php?rest_route=%2Fwp%2Fv2%2Fmedia&parent=69"}],"curies":[{"name":"wp","href":"https:\/\/api.w.org\/{rel}","templated":true}]}}