{"id":209,"date":"2014-09-24T21:06:46","date_gmt":"2014-09-24T19:06:46","guid":{"rendered":"http:\/\/bnc.werbekontur.de\/?page_id=209"},"modified":"2014-10-01T08:06:22","modified_gmt":"2014-10-01T06:06:22","slug":"terminanfrage","status":"publish","type":"page","link":"https:\/\/bnc.werbekontur.de\/?page_id=209","title":{"rendered":"Terminanfrage"},"content":{"rendered":"<h3>Hinweis zu Terminabsagen<\/h3>\n<h3><em>Ihre reservierten Anwendungen k\u00f6nnen Sie bis 24 Std. vor dem Termin kostenfrei stornieren. <\/em><\/h3>\n<p><em>Bitte haben\u00a0Sie Verst\u00e4ndnis daf\u00fcr, dass bei einer sp\u00e4teren Terminabsage oder Nichterscheinen 50% des Anwendungspreises in Rechnung gestellt wird, sofern der Termin nicht wieder vergeben werden kann<\/em>.<\/p>\n","protected":false},"excerpt":{"rendered":"<p>Hinweis zu Terminabsagen Ihre reservierten Anwendungen k\u00f6nnen Sie bis 24 Std. vor dem Termin kostenfrei stornieren. Bitte haben\u00a0Sie Verst\u00e4ndnis daf\u00fcr, dass bei einer sp\u00e4teren Terminabsage oder Nichterscheinen 50% des Anwendungspreises in Rechnung gestellt wird, sofern der Termin nicht wieder vergeben werden kann.<\/p>\n","protected":false},"author":1,"featured_media":0,"parent":0,"menu_order":0,"comment_status":"open","ping_status":"open","template":"","meta":{"footnotes":""},"_links":{"self":[{"href":"https:\/\/bnc.werbekontur.de\/index.php?rest_route=\/wp\/v2\/pages\/209"}],"collection":[{"href":"https:\/\/bnc.werbekontur.de\/index.php?rest_route=\/wp\/v2\/pages"}],"about":[{"href":"https:\/\/bnc.werbekontur.de\/index.php?rest_route=\/wp\/v2\/types\/page"}],"author":[{"embeddable":true,"href":"https:\/\/bnc.werbekontur.de\/index.php?rest_route=\/wp\/v2\/users\/1"}],"replies":[{"embeddable":true,"href":"https:\/\/bnc.werbekontur.de\/index.php?rest_route=%2Fwp%2Fv2%2Fcomments&post=209"}],"version-history":[{"count":5,"href":"https:\/\/bnc.werbekontur.de\/index.php?rest_route=\/wp\/v2\/pages\/209\/revisions"}],"predecessor-version":[{"id":221,"href":"https:\/\/bnc.werbekontur.de\/index.php?rest_route=\/wp\/v2\/pages\/209\/revisions\/221"}],"wp:attachment":[{"href":"https:\/\/bnc.werbekontur.de\/index.php?rest_route=%2Fwp%2Fv2%2Fmedia&parent=209"}],"curies":[{"name":"wp","href":"https:\/\/api.w.org\/{rel}","templated":true}]}}