{"id":103,"date":"2014-09-22T23:38:26","date_gmt":"2014-09-22T21:38:26","guid":{"rendered":"http:\/\/bnc.werbekontur.de\/?page_id=103"},"modified":"2014-09-24T09:50:26","modified_gmt":"2014-09-24T07:50:26","slug":"anti-aging","status":"publish","type":"page","link":"https:\/\/bnc.werbekontur.de\/?page_id=103","title":{"rendered":"Anti-Aging"},"content":{"rendered":"<p>Mikrodermabrasion ist eine sanfte Variante der Hauterneuerung. Sie ist f\u00fcr alle Hauttypen geeignet. Insbesondere dient sie der Verfeinerung des Hautbildes. Grobporige Haut wird durch regelm\u00e4\u00dfige Anwendung verfeinert. Aknenarben lassen sich verkleinern. Im Anschluss an diese Behandlung erfolgt das Einschleusen von hochwertigen Wirkstoffen und das Auftragen von speziellen Masken mit Hyalourens\u00e4ure und vitaminreichen Radikalf\u00e4ngern (Wohlf\u00fchlbehandlung), um die Haut in ihrer Regeneration zu unterst\u00fctzen und dem Alterungsprozess vorzubeugen.<\/p>\n<p>&nbsp;<\/p>\n<h2>Mikrodermabrasion<\/h2>\n<p><strong>Gesichtsbehandlung <em>55,-\u00a0\u20ac<\/em><\/strong><\/p>\n<p><strong>R\u00fcckenbehandlung <em>55,-\u00a0\u20ac<\/em><\/strong><\/p>\n<p><strong>Gesichtsbehandlung inkl. Hals &amp; Dekollet\u00e9 <em>60,00\u00a0\u20ac<\/em><\/strong><\/p>\n<h2>Anti-Age Behandlung<\/h2>\n<p><strong>inkl. Hals &amp; Dekollet\u00e9, mit Monteil Spezialbehandlung <em>98,- \u20ac<\/em><\/strong><\/p>\n<h2>Abo<\/h2>\n<p><strong>3 er Abo Karte<em> 148,50\u00a0\u20ac<\/em><\/strong><\/p>\n<p><strong>6 er Abo Karte <em>297,-\u00a0\u20ac<\/em><\/strong><\/p>\n<p><strong>10 er Karte <em>490,-\u00a0\u20ac<\/em><\/strong><\/p>\n<p>Akne-, Narben-, und Pigmentbehandlung auf Anfrage<\/p>\n<p>&nbsp;<\/p>\n","protected":false},"excerpt":{"rendered":"<p>Mikrodermabrasion ist eine sanfte Variante der Hauterneuerung. Sie ist f\u00fcr alle Hauttypen geeignet. Insbesondere dient sie der Verfeinerung des Hautbildes. Grobporige Haut wird durch regelm\u00e4\u00dfige Anwendung verfeinert. Aknenarben lassen sich verkleinern. Im Anschluss an diese Behandlung erfolgt das Einschleusen von hochwertigen Wirkstoffen und das Auftragen von speziellen Masken mit Hyalourens\u00e4ure und vitaminreichen Radikalf\u00e4ngern (Wohlf\u00fchlbehandlung), um<\/p>\n<p class=\"readmore\"> <a href=\"https:\/\/bnc.werbekontur.de\/?page_id=103\" title=\"Read Anti-Aging\">Read more&#8230;<\/a> <\/p>\n","protected":false},"author":2,"featured_media":0,"parent":0,"menu_order":0,"comment_status":"closed","ping_status":"open","template":"","meta":{"footnotes":""},"_links":{"self":[{"href":"https:\/\/bnc.werbekontur.de\/index.php?rest_route=\/wp\/v2\/pages\/103"}],"collection":[{"href":"https:\/\/bnc.werbekontur.de\/index.php?rest_route=\/wp\/v2\/pages"}],"about":[{"href":"https:\/\/bnc.werbekontur.de\/index.php?rest_route=\/wp\/v2\/types\/page"}],"author":[{"embeddable":true,"href":"https:\/\/bnc.werbekontur.de\/index.php?rest_route=\/wp\/v2\/users\/2"}],"replies":[{"embeddable":true,"href":"https:\/\/bnc.werbekontur.de\/index.php?rest_route=%2Fwp%2Fv2%2Fcomments&post=103"}],"version-history":[{"count":7,"href":"https:\/\/bnc.werbekontur.de\/index.php?rest_route=\/wp\/v2\/pages\/103\/revisions"}],"predecessor-version":[{"id":174,"href":"https:\/\/bnc.werbekontur.de\/index.php?rest_route=\/wp\/v2\/pages\/103\/revisions\/174"}],"wp:attachment":[{"href":"https:\/\/bnc.werbekontur.de\/index.php?rest_route=%2Fwp%2Fv2%2Fmedia&parent=103"}],"curies":[{"name":"wp","href":"https:\/\/api.w.org\/{rel}","templated":true}]}}