{"id":101,"date":"2014-09-19T13:11:22","date_gmt":"2014-09-19T11:11:22","guid":{"rendered":"http:\/\/bnc.werbekontur.de\/?page_id=101"},"modified":"2014-09-24T21:03:31","modified_gmt":"2014-09-24T19:03:31","slug":"gesichtsbehandlung-und-make-up","status":"publish","type":"page","link":"https:\/\/bnc.werbekontur.de\/?page_id=101","title":{"rendered":"Gesichtsbehandlung und Make-up"},"content":{"rendered":"<p>Unser Gesicht ist der Spiegel der Seele. Deshalb zielen s\u00e4mtliche Behandlungen neben einer intensiven Pflege von Gesicht, Hals und Dekollet\u00e9, vor allem auf Ihr allgemeines Wohlbefinden ab. Vor jeder Behandlung wird eine Analyse der Hautbeschaffenheit durchgef\u00fchrt, damit Ihr Gesicht auch genau die Pflege erh\u00e4lt, die sie ben\u00f6tigt.<\/p>\n<h2>Augenbehandlung<\/h2>\n<p>Reinigung, Augenbrauen korrigieren, Augenbrauen f\u00e4rben, Wimpern f\u00e4rben, Augenmassage, straffende Augenmaske, Augenpflege<\/p>\n<p><strong>Verw\u00f6hnzeit ca. 45 Minuten:\u00a0<em>30,- \u20ac<\/em><\/strong><\/p>\n<h2>Clear Pure &#8211; N Teens Behandlung<\/h2>\n<p>F\u00fcr Jugendliche bis zum 18. Lebensjahr. Reinigung, Vapo, Ausreinigung, Tonic, Maske, Abschlusspflege<\/p>\n<p><strong>Verw\u00f6hnzeit ca. 45 Minuten:\u00a0<em>27,- \u20ac<\/em><\/strong><\/p>\n<h2>MONTEIL &#8211; Basic<\/h2>\n<p>Ihr Verw\u00f6hneinstieg in die Monteil &#8211; Welt. Reinigung, Peeling, Vapo, Hautausreinigung, Augenbrauen korrigieren, Maske, Abschlusspflege<\/p>\n<p><strong>Verw\u00f6hnzeit ca. 60 Minuten: <em>40 \u20ac<\/em><\/strong><\/p>\n<h2>Hydrobalance Behandlung<\/h2>\n<p>Vitalit\u00e4t &amp; frische f\u00fcr Ihre Haut. Reinigung, Enzympeeling, Tonic, Wirkstoffampulle, Gesichtsmassage, polsternde Feuchtigkeitsmaske, Power Abschlusspflege<\/p>\n<p><strong>Verw\u00f6hnzeit ca. 75 Minuten: <em>65,- \u20ac<\/em><\/strong><\/p>\n<p><strong>zus\u00e4tzliche Ausreinigung <em>5,- \u20ac<\/em><\/strong><\/p>\n<h2>Luxusbehandlung<\/h2>\n<p>Sch\u00f6nheit verf\u00fchrt, gegen die Zeichen der Zeit!<\/p>\n<p>Sch\u00fctzende Gesichtsreinigung, zellerneuerndes Enzympeeling, milde Durchblutungsanregung, Gold-Serum mit 24K Blattgold, Augenbrauen korrigieren, Luxusmassage, n\u00e4hrendes Maskenritual, luxuri\u00f6se Tagespflege<\/p>\n<p><strong>Verw\u00f6hnzeit ca. 120 Minuten: <em>98,- \u20ac<\/em><\/strong><\/p>\n<h2>Clear Pure N- Behandlung<\/h2>\n<p>Reines, gleichm\u00e4\u00dfiges &amp; glattes Hautbild. Gegen Unreinheiten &amp; die Zeichen der Zeit in einer Wohlf\u00fchlbehandlung. Reinigung, Enzympeeling, Vapo, Augenbrauen korrigieren, Hautausreinigung, Tonic, beruhigende Maske, Abschlusspflege<\/p>\n<p><strong>Verw\u00f6hnzeit ca. 75 Minuten: <em>55,- \u20ac<\/em><\/strong><\/p>\n<h2>Zus\u00e4tzliche Dienstleistungen<\/h2>\n<h3>innerhalb der Behandlung<\/h3>\n<p><strong>Augenbrauen korrigieren <em>ab 3,- \u20ac<\/em><\/strong><\/p>\n<p><strong>Wimpern f\u00e4rben <em>8,- \u20ac<\/em><\/strong><\/p>\n<p><strong>Augenbrauen f\u00e4rben<em> 8,- \u20ac<\/em><\/strong><\/p>\n<p><strong>Paketpreis <em>15,- \u20ac<\/em><\/strong><\/p>\n<h3>au\u00dferhalb der Behandlung<\/h3>\n<p><strong>Augenbrauen korrigieren<em> ab 5,- \u20ac<\/em><\/strong><\/p>\n<p><strong>Wimpern f\u00e4rben <em>10,- \u20ac<\/em><\/strong><\/p>\n<p><strong>Augenbrauen f\u00e4rben <em>10,- \u20ac<\/em><\/strong><\/p>\n<p><strong>Paketpreis <em>20,- \u20ac<\/em><\/strong><\/p>\n<h2>Make up<\/h2>\n<p><strong>Tages Make up <em>15,oo \u20ac<\/em><\/strong><\/p>\n<p><strong>Abend Make up <em>25,- \u20ac<\/em><\/strong><\/p>\n<p><strong>Braut Make up (inkl. Probe Make up) <em>69,- \u20ac<\/em><\/strong><\/p>\n<p><strong>Kilometerpauschale E1 <em>10,- \u20ac<\/em><\/strong><\/p>\n<p><strong>Pers\u00f6nliche Make up Beratung ca. 60 Minuten: <em>50,- \u20ac<\/em><\/strong><\/p>\n<h2>K\u00f6rperbehandlung<\/h2>\n<p><strong>R\u00fcckenmassage 30 Minuten: <em>20,- \u20ac<\/em><\/strong><\/p>\n<p><strong>Ganzk\u00f6rpermassage 60 Minuten: <em>45,- \u20ac<\/em><\/strong><\/p>\n<p><strong>Ganzk\u00f6rpermassage 90 Minuten: <em>60,- \u20ac<\/em><\/strong><\/p>\n<p>&nbsp;<\/p>\n<p>&nbsp;<\/p>\n","protected":false},"excerpt":{"rendered":"<p>Unser Gesicht ist der Spiegel der Seele. Deshalb zielen s\u00e4mtliche Behandlungen neben einer intensiven Pflege von Gesicht, Hals und Dekollet\u00e9, vor allem auf Ihr allgemeines Wohlbefinden ab. Vor jeder Behandlung wird eine Analyse der Hautbeschaffenheit durchgef\u00fchrt, damit Ihr Gesicht auch genau die Pflege erh\u00e4lt, die sie ben\u00f6tigt. Augenbehandlung Reinigung, Augenbrauen korrigieren, Augenbrauen f\u00e4rben, Wimpern f\u00e4rben,<\/p>\n<p class=\"readmore\"> <a href=\"https:\/\/bnc.werbekontur.de\/?page_id=101\" title=\"Read Gesichtsbehandlung und Make-up\">Read more&#8230;<\/a> <\/p>\n","protected":false},"author":2,"featured_media":0,"parent":0,"menu_order":0,"comment_status":"closed","ping_status":"closed","template":"","meta":{"footnotes":""},"_links":{"self":[{"href":"https:\/\/bnc.werbekontur.de\/index.php?rest_route=\/wp\/v2\/pages\/101"}],"collection":[{"href":"https:\/\/bnc.werbekontur.de\/index.php?rest_route=\/wp\/v2\/pages"}],"about":[{"href":"https:\/\/bnc.werbekontur.de\/index.php?rest_route=\/wp\/v2\/types\/page"}],"author":[{"embeddable":true,"href":"https:\/\/bnc.werbekontur.de\/index.php?rest_route=\/wp\/v2\/users\/2"}],"replies":[{"embeddable":true,"href":"https:\/\/bnc.werbekontur.de\/index.php?rest_route=%2Fwp%2Fv2%2Fcomments&post=101"}],"version-history":[{"count":17,"href":"https:\/\/bnc.werbekontur.de\/index.php?rest_route=\/wp\/v2\/pages\/101\/revisions"}],"predecessor-version":[{"id":208,"href":"https:\/\/bnc.werbekontur.de\/index.php?rest_route=\/wp\/v2\/pages\/101\/revisions\/208"}],"wp:attachment":[{"href":"https:\/\/bnc.werbekontur.de\/index.php?rest_route=%2Fwp%2Fv2%2Fmedia&parent=101"}],"curies":[{"name":"wp","href":"https:\/\/api.w.org\/{rel}","templated":true}]}}